{"id":9164,"date":"2015-01-30T12:25:48","date_gmt":"2015-01-30T12:25:48","guid":{"rendered":"https:\/\/hangar.pt\/?product=ladder"},"modified":"2026-02-10T12:49:31","modified_gmt":"2026-02-10T12:49:31","slug":"towel-rack-on-ladder-zuiver","status":"publish","type":"product","link":"https:\/\/hangar.pt\/en-GB\/product\/towel-rack-on-ladder-zuiver\/","title":{"rendered":"Towel Rack on Ladder"},"content":{"rendered":"<p><strong>*Materials:<\/strong> MDF and Iron<br \/>\n<strong>*Function:<\/strong> Towel rack.<br \/>\n<strong>*Structure:<\/strong> Iron.<br \/>\n<strong>*Use:<\/strong> Indoor \u2013 Storage areas in bedroom or bathroom.<br \/>\n<strong>*Dimensions:<\/strong> 175 cm H. | 2 cm D. | 54 cm W.<\/p>\n","protected":false},"excerpt":{"rendered":"<p>O Ladder Rack White da Zuiver \u00e9 uma estante leve e funcional, inspirada na forma de uma escada, pensada para organiza\u00e7\u00e3o pr\u00e1tica com uma est\u00e9tica minimalista. Encostada \u00e0 parede, oferece v\u00e1rias prateleiras abertas ideais para livros, objetos decorativos ou acess\u00f3rios do dia a dia. O acabamento branco refor\u00e7a a sua versatilidade, permitindo integrar-se facilmente em quartos, salas de estar ou escrit\u00f3rios contempor\u00e2neos.\u00a0<em>(Marca ZUiver)<\/em><\/p>\n","protected":false},"featured_media":9160,"template":"","meta":{"rs_blank_template":"","rs_page_bg_color":"","slide_template_v7":""},"product_brand":[5185],"product_cat":[4355],"product_tag":[6846,7545],"class_list":{"0":"post-9164","1":"product","2":"type-product","3":"status-publish","4":"has-post-thumbnail","6":"product_brand-zuiver-en-gb","7":"product_cat-furniture-other-pieces","8":"product_tag-zuiver-en-gb","9":"product_tag--pvm2v3-lisbon","11":"first","12":"instock","13":"taxable","14":"shipping-taxable","15":"purchasable","16":"product-type-simple"},"_links":{"self":[{"href":"https:\/\/hangar.pt\/en-GB\/wp-json\/wp\/v2\/product\/9164","targetHints":{"allow":["GET"]}}],"collection":[{"href":"https:\/\/hangar.pt\/en-GB\/wp-json\/wp\/v2\/product"}],"about":[{"href":"https:\/\/hangar.pt\/en-GB\/wp-json\/wp\/v2\/types\/product"}],"wp:featuredmedia":[{"embeddable":true,"href":"https:\/\/hangar.pt\/en-GB\/wp-json\/wp\/v2\/media\/9160"}],"wp:attachment":[{"href":"https:\/\/hangar.pt\/en-GB\/wp-json\/wp\/v2\/media?parent=9164"}],"wp:term":[{"taxonomy":"product_brand","embeddable":true,"href":"https:\/\/hangar.pt\/en-GB\/wp-json\/wp\/v2\/product_brand?post=9164"},{"taxonomy":"product_cat","embeddable":true,"href":"https:\/\/hangar.pt\/en-GB\/wp-json\/wp\/v2\/product_cat?post=9164"},{"taxonomy":"product_tag","embeddable":true,"href":"https:\/\/hangar.pt\/en-GB\/wp-json\/wp\/v2\/product_tag?post=9164"}],"curies":[{"name":"wp","href":"https:\/\/api.w.org\/{rel}","templated":true}]}}