{"id":9048,"date":"2014-11-26T12:33:54","date_gmt":"2014-11-26T12:33:54","guid":{"rendered":"https:\/\/hangar.pt\/?product=tolomeo-mega-suspended"},"modified":"2025-12-15T15:19:33","modified_gmt":"2025-12-15T15:19:33","slug":"tolomeo-mega-suspension","status":"publish","type":"product","link":"https:\/\/hangar.pt\/en-GB\/product\/tolomeo-mega-suspension\/","title":{"rendered":"Tolomeo Mega Suspension"},"content":{"rendered":"","protected":false},"excerpt":{"rendered":"<p>The Artemide Tolomeo Mega Pendant is the suspended version of the iconic Tolomeo system, designed by Michele De Lucchi and Giancarlo Fassina. Maintaining the collection&#8217;s technical and elegant identity, it combines an articulated aluminum structure with a large lampshade that diffuses light softly and comfortably. Ideal for dining tables, living rooms, or spacious workspaces, the Tolomeo Mega combines functionality, generous scale, and timeless design, making it a classic of contemporary lighting design. (Artemide brand)<\/p>\n<p><strong>*Material:<\/strong> Aluminum and transparent injection-molded methacrylate structure; parchment or satin black diffuser.<br \/>\n<strong>*Light source:<\/strong> E27 \u2013 bulb not included, max. 40 W<br \/>\n<strong>*Size:<\/strong> Small \/ Medium | Parchment or Blackout | Available in various diameters (\u00d8 36 cm | \u00d8 42 cm | \u00d8 52 cm)<br \/>\n<strong>*Use:<\/strong> Indoor \u2014 dining room, living room.<br \/>\n<strong>*Dimensions:<\/strong> 29\/36cm \u2013 200cm H. | 42cm\/52cm \u00d8<\/p>\n","protected":false},"featured_media":44527,"template":"","meta":[],"product_brand":[5175],"product_cat":[4375],"product_tag":[6737],"class_list":{"0":"post-9048","1":"product","2":"type-product","3":"status-publish","4":"has-post-thumbnail","6":"product_brand-artemide-en-gb","7":"product_cat-lighting-ceiling-lamps","8":"product_tag-artemide-en-gb","9":"pa_cor-classic-black-pantone-1","10":"pa_cor-parchment","12":"first","13":"instock","14":"taxable","15":"shipping-taxable","16":"purchasable","17":"product-type-variable"},"_links":{"self":[{"href":"https:\/\/hangar.pt\/en-GB\/wp-json\/wp\/v2\/product\/9048","targetHints":{"allow":["GET"]}}],"collection":[{"href":"https:\/\/hangar.pt\/en-GB\/wp-json\/wp\/v2\/product"}],"about":[{"href":"https:\/\/hangar.pt\/en-GB\/wp-json\/wp\/v2\/types\/product"}],"wp:featuredmedia":[{"embeddable":true,"href":"https:\/\/hangar.pt\/en-GB\/wp-json\/wp\/v2\/media\/44527"}],"wp:attachment":[{"href":"https:\/\/hangar.pt\/en-GB\/wp-json\/wp\/v2\/media?parent=9048"}],"wp:term":[{"taxonomy":"product_brand","embeddable":true,"href":"https:\/\/hangar.pt\/en-GB\/wp-json\/wp\/v2\/product_brand?post=9048"},{"taxonomy":"product_cat","embeddable":true,"href":"https:\/\/hangar.pt\/en-GB\/wp-json\/wp\/v2\/product_cat?post=9048"},{"taxonomy":"product_tag","embeddable":true,"href":"https:\/\/hangar.pt\/en-GB\/wp-json\/wp\/v2\/product_tag?post=9048"}],"curies":[{"name":"wp","href":"https:\/\/api.w.org\/{rel}","templated":true}]}}