{"id":7692,"date":"2014-09-25T15:17:06","date_gmt":"2014-09-25T14:17:06","guid":{"rendered":"https:\/\/hangar.pt\/?product=cups"},"modified":"2025-07-17T14:29:16","modified_gmt":"2025-07-17T13:29:16","slug":"coffee-cup-and-saucer-friso-edition-costa-nova","status":"publish","type":"product","link":"https:\/\/hangar.pt\/en-GB\/product\/coffee-cup-and-saucer-friso-edition-costa-nova\/","title":{"rendered":"Coffee Cup and Saucer Friso Edition"},"content":{"rendered":"","protected":false},"excerpt":{"rendered":"<p data-start=\"267\" data-end=\"856\">A cole\u00e7\u00e3o Friso da Costa Nova distingue-se pela sua simplicidade refinada e linhas minimalistas. Com um discreto relevo decorativo ao longo das bordas, cada pe\u00e7a revela uma est\u00e9tica s\u00f3bria e contempor\u00e2nea, perfeita para mesas modernas e elegantes. Inspirada no equil\u00edbrio entre forma e fun\u00e7\u00e3o, a Friso combina design limpo com um toque artesanal, resultando numa cole\u00e7\u00e3o vers\u00e1til, harmoniosa e intemporal. Produzida em gr\u00e9s fino de alta qualidade, \u00e9 ideal para uso di\u00e1rio ou para ocasi\u00f5es especiais, oferecendo resist\u00eancia, beleza e funcionalidade em cada detalhe. (Marca Costa Nova)<\/p>\n<p data-start=\"858\" data-end=\"906\"><strong data-start=\"858\" data-end=\"872\">*Materiais:<\/strong>\u00a0Gr\u00e9s Fino. Fabricado em Portugal.<br \/>\n<strong data-start=\"908\" data-end=\"935\">*Cuidados de Utiliza\u00e7\u00e3o:<\/strong>\u00a0Pr\u00f3prio para m\u00e1quina de lavar loi\u00e7a. Por precau\u00e7\u00e3o, aconselhamos a lavagem manual das pe\u00e7as maiores e mais delicadas.<\/p>\n","protected":false},"featured_media":49799,"template":"","meta":[],"product_brand":[5166],"product_cat":[4459],"product_tag":[7002],"class_list":{"0":"post-7692","1":"product","2":"type-product","3":"status-publish","4":"has-post-thumbnail","6":"product_brand-costa-nova-en-gb","7":"product_cat-table-tableware-costa-nova-friso","8":"product_tag-costa-nova-en-gb","10":"first","11":"instock","12":"taxable","13":"shipping-taxable","14":"purchasable","15":"product-type-variable"},"_links":{"self":[{"href":"https:\/\/hangar.pt\/en-GB\/wp-json\/wp\/v2\/product\/7692","targetHints":{"allow":["GET"]}}],"collection":[{"href":"https:\/\/hangar.pt\/en-GB\/wp-json\/wp\/v2\/product"}],"about":[{"href":"https:\/\/hangar.pt\/en-GB\/wp-json\/wp\/v2\/types\/product"}],"wp:featuredmedia":[{"embeddable":true,"href":"https:\/\/hangar.pt\/en-GB\/wp-json\/wp\/v2\/media\/49799"}],"wp:attachment":[{"href":"https:\/\/hangar.pt\/en-GB\/wp-json\/wp\/v2\/media?parent=7692"}],"wp:term":[{"taxonomy":"product_brand","embeddable":true,"href":"https:\/\/hangar.pt\/en-GB\/wp-json\/wp\/v2\/product_brand?post=7692"},{"taxonomy":"product_cat","embeddable":true,"href":"https:\/\/hangar.pt\/en-GB\/wp-json\/wp\/v2\/product_cat?post=7692"},{"taxonomy":"product_tag","embeddable":true,"href":"https:\/\/hangar.pt\/en-GB\/wp-json\/wp\/v2\/product_tag?post=7692"}],"curies":[{"name":"wp","href":"https:\/\/api.w.org\/{rel}","templated":true}]}}