{"id":59631,"date":"2026-03-31T12:00:34","date_gmt":"2026-03-31T11:00:34","guid":{"rendered":"https:\/\/hangar.pt\/?post_type=product&p=59631"},"modified":"2026-03-31T12:00:34","modified_gmt":"2026-03-31T11:00:34","slug":"flindt-minimalist-wall-light-louis-poulsen","status":"publish","type":"product","link":"https:\/\/hangar.pt\/en-GB\/product\/flindt-minimalist-wall-light-louis-poulsen\/","title":{"rendered":"Flindt Minimalist Wall Light"},"content":{"rendered":"<p><strong>*IP Rating:<\/strong> 65<br \/>\n<strong>*Class:<\/strong> III<br \/>\n<strong>*Type:<\/strong> Wall Lamp<br \/>\n<strong>*Material:<\/strong> Aluminum<br \/>\n<strong>*Light Source:<\/strong> 2700K 10W LED Light Source<br \/>\n<strong>*Dimming:<\/strong> Not Included | *Operator: Triac | Direct Connection<br \/>\n<strong>*Structure:<\/strong> Die-cast aluminum and injection-molded acrylic<br \/>\n<strong>*Modalities:<\/strong> No other modalities offered<br \/>\n<strong>*Use:<\/strong> Indoor and Outdoor \u2013 Ideal for hallways. For outdoor use, it is ideal for social areas or signage.<br \/>\n<strong>*Dimensions:<\/strong> Available in various diameters <em>(e.g., \u00d8 20 cm | \u00d8 30 cm | \u00d8 40 cm)<\/em><\/p>\n","protected":false},"excerpt":{"rendered":"<p>The Flindt wall light is part of the Flindt series, which offers exceptional lighting and a bold sculptural design for indoor and outdoor spaces. Based on the same sculpted design as the lighting posts, the Flindt wall light continues the elegant design language of a perfect circle. The Flindt wall light stands out for its top light output, which emits light from the front of the fixture, creating a subtle, shimmering ring of reflected light in the transition between the concave and convex shapes. The oval shape appears to emerge from the mounting surface, giving the fixture a floating appearance. <em>(Louis Poulsen brand).<\/em><\/p>\n","protected":false},"featured_media":59612,"template":"","meta":[],"product_brand":[6616],"product_cat":[4345,4373,4369],"product_tag":[7545],"class_list":{"0":"post-59631","1":"product","2":"type-product","3":"status-publish","4":"has-post-thumbnail","6":"product_brand-louis-poulsen-en-gb","7":"product_cat-lighting","8":"product_cat-lighting-wall-lamps","9":"product_cat-lighting-outdoor","10":"product_tag--pvm2v3-lisbon","11":"pa_cor-aluminio-en-gb-2","12":"pa_cor-classic-black-pantone-1","13":"pa_cor-terracotta","14":"pa_cor-white-pantone-1","16":"first","17":"instock","18":"taxable","19":"shipping-taxable","20":"purchasable","21":"product-type-variable"},"_links":{"self":[{"href":"https:\/\/hangar.pt\/en-GB\/wp-json\/wp\/v2\/product\/59631","targetHints":{"allow":["GET"]}}],"collection":[{"href":"https:\/\/hangar.pt\/en-GB\/wp-json\/wp\/v2\/product"}],"about":[{"href":"https:\/\/hangar.pt\/en-GB\/wp-json\/wp\/v2\/types\/product"}],"wp:featuredmedia":[{"embeddable":true,"href":"https:\/\/hangar.pt\/en-GB\/wp-json\/wp\/v2\/media\/59612"}],"wp:attachment":[{"href":"https:\/\/hangar.pt\/en-GB\/wp-json\/wp\/v2\/media?parent=59631"}],"wp:term":[{"taxonomy":"product_brand","embeddable":true,"href":"https:\/\/hangar.pt\/en-GB\/wp-json\/wp\/v2\/product_brand?post=59631"},{"taxonomy":"product_cat","embeddable":true,"href":"https:\/\/hangar.pt\/en-GB\/wp-json\/wp\/v2\/product_cat?post=59631"},{"taxonomy":"product_tag","embeddable":true,"href":"https:\/\/hangar.pt\/en-GB\/wp-json\/wp\/v2\/product_tag?post=59631"}],"curies":[{"name":"wp","href":"https:\/\/api.w.org\/{rel}","templated":true}]}}