{"id":56152,"date":"2025-11-27T16:42:22","date_gmt":"2025-11-27T16:42:22","guid":{"rendered":"https:\/\/hangar.pt\/?post_type=product&#038;p=56152"},"modified":"2025-12-17T11:28:20","modified_gmt":"2025-12-17T11:28:20","slug":"tense-suspension-lamp-new-works","status":"publish","type":"product","link":"https:\/\/hangar.pt\/en-GB\/product\/tense-suspension-lamp-new-works\/","title":{"rendered":"Tense Suspension Lamp"},"content":{"rendered":"","protected":false},"excerpt":{"rendered":"<p>The Tense pendant light by New Works evokes the lightness of a floating cloud: the diffuser is made of Tyvek material, lightweight, translucent and 100% recyclable; tensioned by carbon rods, resulting in an organic and fluid shape. The diffused and warm light (integrated LED) creates a welcoming and sophisticated atmosphere, ideal for dining rooms, living rooms or contemporary spaces. The structure results from a minimalist and modern design vision, uniting sustainability and elegance in designer lighting. (New Works brand)<\/p>\n<p><strong>*Material:<\/strong> Tyvek diffuser (100% recyclable), carbon rods, black PVC cable.<br \/>\n<strong>*Light source:<\/strong> Integrated LED, 2700 K, CRI \u2248 80, minimum lifespan ~ 50,000 h.<br \/>\n<strong>*Sizes:<\/strong> \u00d855 | \u00d870 | \u00d890 | \u00d8120<br \/>\n<strong>*Use:<\/strong> IP20, Class II \u2014 indoor use only.<br \/>\n<strong>*Dimensions:<\/strong> \u00d8 55 cm \/ \u00d8 70 cm \/ \u00d8 90 cm \/ \u00d8 120 cm<\/p>\n","protected":false},"featured_media":56164,"template":"","meta":[],"product_brand":[7296],"product_cat":[4345,4375],"product_tag":[7545],"class_list":{"0":"post-56152","1":"product","2":"type-product","3":"status-publish","4":"has-post-thumbnail","6":"product_brand-new-works-en-gb","7":"product_cat-lighting","8":"product_cat-lighting-ceiling-lamps","9":"product_tag--pvm2v3-lisbon","11":"first","12":"instock","13":"taxable","14":"shipping-taxable","15":"purchasable","16":"product-type-variable"},"_links":{"self":[{"href":"https:\/\/hangar.pt\/en-GB\/wp-json\/wp\/v2\/product\/56152","targetHints":{"allow":["GET"]}}],"collection":[{"href":"https:\/\/hangar.pt\/en-GB\/wp-json\/wp\/v2\/product"}],"about":[{"href":"https:\/\/hangar.pt\/en-GB\/wp-json\/wp\/v2\/types\/product"}],"wp:featuredmedia":[{"embeddable":true,"href":"https:\/\/hangar.pt\/en-GB\/wp-json\/wp\/v2\/media\/56164"}],"wp:attachment":[{"href":"https:\/\/hangar.pt\/en-GB\/wp-json\/wp\/v2\/media?parent=56152"}],"wp:term":[{"taxonomy":"product_brand","embeddable":true,"href":"https:\/\/hangar.pt\/en-GB\/wp-json\/wp\/v2\/product_brand?post=56152"},{"taxonomy":"product_cat","embeddable":true,"href":"https:\/\/hangar.pt\/en-GB\/wp-json\/wp\/v2\/product_cat?post=56152"},{"taxonomy":"product_tag","embeddable":true,"href":"https:\/\/hangar.pt\/en-GB\/wp-json\/wp\/v2\/product_tag?post=56152"}],"curies":[{"name":"wp","href":"https:\/\/api.w.org\/{rel}","templated":true}]}}