{"id":53135,"date":"2025-10-13T11:42:48","date_gmt":"2025-10-13T10:42:48","guid":{"rendered":"https:\/\/hangar.pt\/?post_type=product&#038;p=53135"},"modified":"2025-10-14T12:17:37","modified_gmt":"2025-10-14T11:17:37","slug":"ellipse-almofada-de-bordado-laine-e-acrilico-casamance","status":"publish","type":"product","link":"https:\/\/hangar.pt\/en-GB\/product\/ellipse-almofada-de-bordado-laine-e-acrilico-casamance\/","title":{"rendered":"Ellipse Almofada de Bordado Laine e Acr\u00edlico"},"content":{"rendered":"","protected":false},"excerpt":{"rendered":"<p>A almofada Ellipse da Casamance \u00e9 uma capa de 40\u00d760 ou 45&#215;45 cm feita em mistura de linho e viscose com bordado geom\u00e9trico em l\u00e3 e acr\u00edlico, verso igualmente bordado, acabamento com borda debrum e fecho invis\u00edvel. Produzida na Tun\u00edsia, oferece textura decorativa rica e moderna que \u00e9 ideal para sof\u00e1s ou cadeir\u00f5es que pedem um detalhe sofisticado e artesanal.(Marca Casamance)<\/p>\n<p><strong>*Material:<\/strong> 73% linho (li); 27% viscose (vi) \u2014 bordado em l\u00e3 e acr\u00edlico.<br \/>\n<strong>*Cuidados:<\/strong> Lavagem delicada a 30 \u00b0C; cloro n\u00e3o autorizado; n\u00e3o usar secadora; limpeza profissional a seca normal permitida.<br \/>\n<strong>*Enchimento:<\/strong> Inclu\u00eddo ou Exclu\u00eddo<br \/>\n<strong>*Uso:<\/strong> Interior \u2013 salas, quartos, espa\u00e7os lounge<br \/>\n<strong>*Dimens\u00f5es:<\/strong> 40x60cm ou 45x45cm<\/p>\n","protected":false},"featured_media":53166,"template":"","meta":[],"product_brand":[5183],"product_cat":[4351,4377],"product_tag":[7191],"class_list":{"0":"post-53135","1":"product","2":"type-product","3":"status-publish","4":"has-post-thumbnail","6":"product_brand-casamance-en-gb","7":"product_cat-decoration","8":"product_cat-decoration-cushions","9":"product_tag-casamance-en-gb","10":"pa_cor-basic-black-2-classic-beige-1","11":"pa_cor-blue-terracotta","12":"pa_cor-green-and-terracotta","14":"first","15":"instock","16":"taxable","17":"shipping-taxable","18":"purchasable","19":"product-type-variable"},"_links":{"self":[{"href":"https:\/\/hangar.pt\/en-GB\/wp-json\/wp\/v2\/product\/53135","targetHints":{"allow":["GET"]}}],"collection":[{"href":"https:\/\/hangar.pt\/en-GB\/wp-json\/wp\/v2\/product"}],"about":[{"href":"https:\/\/hangar.pt\/en-GB\/wp-json\/wp\/v2\/types\/product"}],"wp:featuredmedia":[{"embeddable":true,"href":"https:\/\/hangar.pt\/en-GB\/wp-json\/wp\/v2\/media\/53166"}],"wp:attachment":[{"href":"https:\/\/hangar.pt\/en-GB\/wp-json\/wp\/v2\/media?parent=53135"}],"wp:term":[{"taxonomy":"product_brand","embeddable":true,"href":"https:\/\/hangar.pt\/en-GB\/wp-json\/wp\/v2\/product_brand?post=53135"},{"taxonomy":"product_cat","embeddable":true,"href":"https:\/\/hangar.pt\/en-GB\/wp-json\/wp\/v2\/product_cat?post=53135"},{"taxonomy":"product_tag","embeddable":true,"href":"https:\/\/hangar.pt\/en-GB\/wp-json\/wp\/v2\/product_tag?post=53135"}],"curies":[{"name":"wp","href":"https:\/\/api.w.org\/{rel}","templated":true}]}}