{"id":52727,"date":"2024-10-12T14:53:34","date_gmt":"2024-10-12T13:53:34","guid":{"rendered":"https:\/\/hangar.pt\/produto\/mouse-chef-with-soup-pot-and-spoon-maileg\/"},"modified":"2024-10-12T14:53:34","modified_gmt":"2024-10-12T13:53:34","slug":"mouse-chef-with-soup-pot-and-spoon-maileg","status":"publish","type":"product","link":"https:\/\/hangar.pt\/en-GB\/product\/mouse-chef-with-soup-pot-and-spoon-maileg\/","title":{"rendered":"Mouse chef with soup pot and spoon"},"content":{"rendered":"","protected":false},"excerpt":{"rendered":"<p data-start=\"857\" data-end=\"1236\">O Chef Mouse da Maileg \u00e9 um pequeno rato de 13 cm vestido como chef, que vem com uma panela de sopa e colher, perfeito para brincar de cozinhar nas ludotecas ou casas de bonecas. Feito em tecidos suaves e materiais org\u00e2nicos para o corpo, com acess\u00f3rios em metal e madeira, este conjunto estimula o jogo imaginativo e o storytelling, ideal para crian\u00e7as a partir dos 3 anos. (Marca Maileg)<\/p>\n<p><strong>*Material:<\/strong> corpo em tecido (cotton\/linho) + enchimento em poli\u00e9ster; acess\u00f3rios (panela) em metal, colher em madeira<br \/>\n<strong>*Idade recomendada:<\/strong> 3+ anos<br \/>\n<strong>*Itens inclu\u00eddos:<\/strong> rato chef, panela de sopa, colher<br \/>\n<strong>*Cuidados:<\/strong> recomenda-se lavagem com cuidado, evitar partes pequenas na boca de crian\u00e7as muito pequenas, pois h\u00e1 componentes pequenos de metal\/ madeira.<\/p>\n","protected":false},"featured_media":52722,"template":"","meta":[],"product_brand":[5186],"product_cat":[4410,4497],"product_tag":[6987],"class_list":{"0":"post-52727","1":"product","2":"type-product","3":"status-publish","4":"has-post-thumbnail","6":"product_brand-maileg-en-gb","7":"product_cat-kids","8":"product_cat-kids-toys","9":"product_tag-maileg-en-gb","11":"first","12":"instock","13":"taxable","14":"shipping-taxable","15":"purchasable","16":"product-type-simple"},"_links":{"self":[{"href":"https:\/\/hangar.pt\/en-GB\/wp-json\/wp\/v2\/product\/52727","targetHints":{"allow":["GET"]}}],"collection":[{"href":"https:\/\/hangar.pt\/en-GB\/wp-json\/wp\/v2\/product"}],"about":[{"href":"https:\/\/hangar.pt\/en-GB\/wp-json\/wp\/v2\/types\/product"}],"wp:featuredmedia":[{"embeddable":true,"href":"https:\/\/hangar.pt\/en-GB\/wp-json\/wp\/v2\/media\/52722"}],"wp:attachment":[{"href":"https:\/\/hangar.pt\/en-GB\/wp-json\/wp\/v2\/media?parent=52727"}],"wp:term":[{"taxonomy":"product_brand","embeddable":true,"href":"https:\/\/hangar.pt\/en-GB\/wp-json\/wp\/v2\/product_brand?post=52727"},{"taxonomy":"product_cat","embeddable":true,"href":"https:\/\/hangar.pt\/en-GB\/wp-json\/wp\/v2\/product_cat?post=52727"},{"taxonomy":"product_tag","embeddable":true,"href":"https:\/\/hangar.pt\/en-GB\/wp-json\/wp\/v2\/product_tag?post=52727"}],"curies":[{"name":"wp","href":"https:\/\/api.w.org\/{rel}","templated":true}]}}