{"id":51727,"date":"2025-08-27T14:45:34","date_gmt":"2025-08-27T13:45:34","guid":{"rendered":"https:\/\/hangar.pt\/produto\/tampa-board-set-ethnicraft\/"},"modified":"2025-08-27T14:45:34","modified_gmt":"2025-08-27T13:45:34","slug":"tampa-board-set-ethnicraft","status":"publish","type":"product","link":"https:\/\/hangar.pt\/en-GB\/product\/tampa-board-set-ethnicraft\/","title":{"rendered":"Tampa board set"},"content":{"rendered":"","protected":false},"excerpt":{"rendered":"<p>The Ethnicraft Tampa Board Set is a decorative and functional set consisting of three round trays hand-carved from darkened mahogany with a varnished finish, creating an organic, artisanal texture. Perfect for holding keys, dried fruit, or small objects, it adds a natural character and warmth to entryways, living rooms, or kitchens. Please note: It should only be used with dry foods. It&#8217;s a great choice for authentic and exclusive d\u00e9cor. (Ethnicraft Brand)<\/p>\n<p><strong>Note:<\/strong> <em>Set consists of three trays of different sizes.<\/em><\/p>\n<p><strong>*Material:<\/strong> Solid darkened mahogany with a varnished finish.<br \/>\n<strong>*Use:<\/strong> Indoors, for dry objects or foods only.<br \/>\n<strong>*Dimensions:<\/strong> (L) 30 cm \u00d8 | (M) 23 cm \u00d8 | (S) 15 cm \u00d8<br \/>\n<strong>*Handcrafted:<\/strong> Each tray is hand-carved, with slight variations expected.<\/p>\n","protected":false},"featured_media":51710,"template":"","meta":[],"product_brand":[5191],"product_cat":[4351,4391],"product_tag":[6683],"class_list":{"0":"post-51727","1":"product","2":"type-product","3":"status-publish","4":"has-post-thumbnail","6":"product_brand-ethnicraft-en-gb","7":"product_cat-decoration","8":"product_cat-decoration-trays","9":"product_tag-ethnicraft-en-gb","11":"first","12":"instock","13":"taxable","14":"shipping-taxable","15":"purchasable","16":"product-type-simple"},"_links":{"self":[{"href":"https:\/\/hangar.pt\/en-GB\/wp-json\/wp\/v2\/product\/51727","targetHints":{"allow":["GET"]}}],"collection":[{"href":"https:\/\/hangar.pt\/en-GB\/wp-json\/wp\/v2\/product"}],"about":[{"href":"https:\/\/hangar.pt\/en-GB\/wp-json\/wp\/v2\/types\/product"}],"wp:featuredmedia":[{"embeddable":true,"href":"https:\/\/hangar.pt\/en-GB\/wp-json\/wp\/v2\/media\/51710"}],"wp:attachment":[{"href":"https:\/\/hangar.pt\/en-GB\/wp-json\/wp\/v2\/media?parent=51727"}],"wp:term":[{"taxonomy":"product_brand","embeddable":true,"href":"https:\/\/hangar.pt\/en-GB\/wp-json\/wp\/v2\/product_brand?post=51727"},{"taxonomy":"product_cat","embeddable":true,"href":"https:\/\/hangar.pt\/en-GB\/wp-json\/wp\/v2\/product_cat?post=51727"},{"taxonomy":"product_tag","embeddable":true,"href":"https:\/\/hangar.pt\/en-GB\/wp-json\/wp\/v2\/product_tag?post=51727"}],"curies":[{"name":"wp","href":"https:\/\/api.w.org\/{rel}","templated":true}]}}