{"id":47525,"date":"2025-04-15T17:19:54","date_gmt":"2025-04-15T16:19:54","guid":{"rendered":"https:\/\/hangar.pt\/?post_type=product&#038;p=47525"},"modified":"2025-04-16T16:11:03","modified_gmt":"2025-04-16T15:11:03","slug":"difusor-eletrico-esteban-edicao-ouro-luz","status":"publish","type":"product","link":"https:\/\/hangar.pt\/en-GB\/product\/difusor-eletrico-esteban-edicao-ouro-luz\/","title":{"rendered":"Difusor El\u00e9trico Esteban Edi\u00e7\u00e3o Ouro &amp; Luz"},"content":{"rendered":"","protected":false},"excerpt":{"rendered":"<p class=\"composition__value\">O Difusor Jaula Dourada \u00e9 regulado a 3 intensidades luminosas, que podem ser reguladas atrav\u00e9s do comando que vem inclu\u00eddo;\u00a0 Este modelo oferece um ciclo de difus\u00e3o de 15 em 15 segundos ou pode operar em modo continuo. O mesmo trabalha 3h seguidas e \u00e9 ligado \u00e0 corrente el\u00e9trica. (Marca Esteban)<\/p>\n<p class=\"composition__value\"><strong>Material:<\/strong> Pl\u00e1stico e Lat\u00e3o<\/p>\n<p><strong>Dimens\u00f5es:<\/strong> 16,5 cm de Altura.<\/p>\n","protected":false},"featured_media":47526,"template":"","meta":[],"product_brand":[4778],"product_cat":[4350,4589],"product_tag":[6943],"class_list":{"0":"post-47525","1":"product","2":"type-product","3":"status-publish","4":"has-post-thumbnail","6":"product_brand-esteban","7":"product_cat-decoracao","8":"product_cat-decoracao-fragrancias","9":"product_tag-esteban","11":"first","12":"instock","13":"taxable","14":"shipping-taxable","15":"purchasable","16":"product-type-simple"},"_links":{"self":[{"href":"https:\/\/hangar.pt\/en-GB\/wp-json\/wp\/v2\/product\/47525","targetHints":{"allow":["GET"]}}],"collection":[{"href":"https:\/\/hangar.pt\/en-GB\/wp-json\/wp\/v2\/product"}],"about":[{"href":"https:\/\/hangar.pt\/en-GB\/wp-json\/wp\/v2\/types\/product"}],"wp:featuredmedia":[{"embeddable":true,"href":"https:\/\/hangar.pt\/en-GB\/wp-json\/wp\/v2\/media\/47526"}],"wp:attachment":[{"href":"https:\/\/hangar.pt\/en-GB\/wp-json\/wp\/v2\/media?parent=47525"}],"wp:term":[{"taxonomy":"product_brand","embeddable":true,"href":"https:\/\/hangar.pt\/en-GB\/wp-json\/wp\/v2\/product_brand?post=47525"},{"taxonomy":"product_cat","embeddable":true,"href":"https:\/\/hangar.pt\/en-GB\/wp-json\/wp\/v2\/product_cat?post=47525"},{"taxonomy":"product_tag","embeddable":true,"href":"https:\/\/hangar.pt\/en-GB\/wp-json\/wp\/v2\/product_tag?post=47525"}],"curies":[{"name":"wp","href":"https:\/\/api.w.org\/{rel}","templated":true}]}}