{"id":47514,"date":"2025-04-15T13:45:24","date_gmt":"2025-04-15T12:45:24","guid":{"rendered":"https:\/\/hangar.pt\/produto\/look-mirror\/"},"modified":"2025-04-15T13:45:24","modified_gmt":"2025-04-15T12:45:24","slug":"look-mirror","status":"publish","type":"product","link":"https:\/\/hangar.pt\/en-GB\/product\/look-mirror\/","title":{"rendered":"Look Mirror"},"content":{"rendered":"","protected":false},"excerpt":{"rendered":"<p>The Look Mirror, which combines simplicity and elegance, is a circular piece framed in solid wood, reflecting sophistication and style. Available in three different sizes, this mirror not only serves functional purposes but also works as a decorative element. Arrange them together on the wall, stimulating creativity and adding a layer of aesthetic appeal, making the Look Mirror a versatile addition to any space, easily blending into various interiors and offering a glimpse of artistic expression. (Gazzda brand).<\/p>\n<p><strong>Material:<\/strong> Oak and Glass.<\/p>\n<p><strong>Dimensions<\/strong>: \u00d822cm | \u00d827cm | \u00d832cm<\/p>\n","protected":false},"featured_media":47487,"template":"","meta":[],"product_brand":[6383],"product_cat":[4590],"product_tag":[6681],"class_list":{"0":"post-47514","1":"product","2":"type-product","3":"status-publish","4":"has-post-thumbnail","6":"product_brand-gazzda-en-GB","7":"product_cat-decoration-mirrors","8":"product_tag-gazzda-en-gb","10":"first","11":"instock","12":"taxable","13":"shipping-taxable","14":"purchasable","15":"product-type-variable"},"_links":{"self":[{"href":"https:\/\/hangar.pt\/en-GB\/wp-json\/wp\/v2\/product\/47514","targetHints":{"allow":["GET"]}}],"collection":[{"href":"https:\/\/hangar.pt\/en-GB\/wp-json\/wp\/v2\/product"}],"about":[{"href":"https:\/\/hangar.pt\/en-GB\/wp-json\/wp\/v2\/types\/product"}],"wp:featuredmedia":[{"embeddable":true,"href":"https:\/\/hangar.pt\/en-GB\/wp-json\/wp\/v2\/media\/47487"}],"wp:attachment":[{"href":"https:\/\/hangar.pt\/en-GB\/wp-json\/wp\/v2\/media?parent=47514"}],"wp:term":[{"taxonomy":"product_brand","embeddable":true,"href":"https:\/\/hangar.pt\/en-GB\/wp-json\/wp\/v2\/product_brand?post=47514"},{"taxonomy":"product_cat","embeddable":true,"href":"https:\/\/hangar.pt\/en-GB\/wp-json\/wp\/v2\/product_cat?post=47514"},{"taxonomy":"product_tag","embeddable":true,"href":"https:\/\/hangar.pt\/en-GB\/wp-json\/wp\/v2\/product_tag?post=47514"}],"curies":[{"name":"wp","href":"https:\/\/api.w.org\/{rel}","templated":true}]}}