{"id":46302,"date":"2025-03-10T17:32:58","date_gmt":"2025-03-10T17:32:58","guid":{"rendered":"https:\/\/hangar.pt\/produto\/ixa-adjustable-floor-lamp\/"},"modified":"2025-03-10T17:32:58","modified_gmt":"2025-03-10T17:32:58","slug":"ixa-adjustable-floor-lamp","status":"publish","type":"product","link":"https:\/\/hangar.pt\/en-GB\/product\/ixa-adjustable-floor-lamp\/","title":{"rendered":"IXA Adjustable Floor Lamp"},"content":{"rendered":"","protected":false},"excerpt":{"rendered":"<p>O conjunto Ixa \u00e9 um modelo de candeeiros muito vers\u00e1til, de Design inspirado nas esculturas din\u00e2micas de Alexander Calder, que foi assim interpretando a ideia de &#8220;equil\u00edbrio elegante&#8221; utilizando engenharia de precis\u00e3o do balan\u00e7o sobre a gravidade. A gama de candeeiros Ixa \u00e9 completa e transversal, pois a mesma \u00e9 composta pela combina\u00e7\u00e3o de uma cabe\u00e7a esf\u00e9rica, hastes e contrapesos, levou a luz para onde \u00e9 necess\u00e1rio e oferece um convite para interagir fisicamente com o objeto. Ixa expressa uma intelig\u00eancia funcional, produtiva e sustent\u00e1vel atrav\u00e9s de escolhas deliberadas de redu\u00e7\u00e3o e simplifica\u00e7\u00e3o, fruto de um s\u00f3lido conhecimento de design. (Marca Artemide)<\/p>\n<p><strong>Materials:<\/strong> Alum\u00ednio, a\u00e7o, tecnopol\u00edmero<\/p>\n<p><strong>Lamp:<\/strong> LED 3000K, 9W, 465lm, CRI=90 (Dimmer)<\/p>\n<p><strong>Dimens\u00f5es:<\/strong> 28 cm \u00d8 Base | Altura 1,27 cm. Corpo | Altura 1,05 cm. Bra\u00e7o<\/p>\n","protected":false},"featured_media":46248,"template":"","meta":[],"product_brand":[5175],"product_cat":[4345,4367],"product_tag":[6737],"class_list":{"0":"post-46302","1":"product","2":"type-product","3":"status-publish","4":"has-post-thumbnail","6":"product_brand-artemide-en-gb","7":"product_cat-lighting","8":"product_cat-lighting-floor-lamps","9":"product_tag-artemide-en-gb","10":"pa_cor-classic-black-pantone-1","11":"pa_cor-grey","12":"pa_cor-navy-peony","13":"pa_cor-pantone-classic-intense-yellow-1","14":"pa_cor-red-classic-pantone-1","16":"first","17":"instock","18":"taxable","19":"shipping-taxable","20":"purchasable","21":"product-type-variable"},"_links":{"self":[{"href":"https:\/\/hangar.pt\/en-GB\/wp-json\/wp\/v2\/product\/46302","targetHints":{"allow":["GET"]}}],"collection":[{"href":"https:\/\/hangar.pt\/en-GB\/wp-json\/wp\/v2\/product"}],"about":[{"href":"https:\/\/hangar.pt\/en-GB\/wp-json\/wp\/v2\/types\/product"}],"wp:featuredmedia":[{"embeddable":true,"href":"https:\/\/hangar.pt\/en-GB\/wp-json\/wp\/v2\/media\/46248"}],"wp:attachment":[{"href":"https:\/\/hangar.pt\/en-GB\/wp-json\/wp\/v2\/media?parent=46302"}],"wp:term":[{"taxonomy":"product_brand","embeddable":true,"href":"https:\/\/hangar.pt\/en-GB\/wp-json\/wp\/v2\/product_brand?post=46302"},{"taxonomy":"product_cat","embeddable":true,"href":"https:\/\/hangar.pt\/en-GB\/wp-json\/wp\/v2\/product_cat?post=46302"},{"taxonomy":"product_tag","embeddable":true,"href":"https:\/\/hangar.pt\/en-GB\/wp-json\/wp\/v2\/product_tag?post=46302"}],"curies":[{"name":"wp","href":"https:\/\/api.w.org\/{rel}","templated":true}]}}