{"id":43286,"date":"2025-01-13T19:13:19","date_gmt":"2025-01-13T19:13:19","guid":{"rendered":"https:\/\/hangar.pt\/produto\/yama-desk-pencil-holder\/"},"modified":"2025-02-04T12:46:53","modified_gmt":"2025-02-04T12:46:53","slug":"yama-desk-pencil-holder","status":"publish","type":"product","link":"https:\/\/hangar.pt\/en-GB\/product\/yama-desk-pencil-holder\/","title":{"rendered":"Yama Desk Pencil Holder"},"content":{"rendered":"","protected":false},"excerpt":{"rendered":"<p>Batizado em homenagem \u00e0 palavra japonesa para montanha, o porta-l\u00e1pis Yama \u00e9 uma pe\u00e7a escultural e funcional, inspirada em paisagens selvagens e indom\u00e1veis. Fabricado em alum\u00ednio fundido reciclado, o porta-l\u00e1pis apresenta um acabamento rugoso e mate que contrasta com a sua silhueta fluida e org\u00e2nica. Com tr\u00eas compartimentos diferentes a alturas variadas, o porta-l\u00e1pis Yama \u00e9 ideal para artigos de papelaria, mas tamb\u00e9m pode ser utilizado para guardar utens\u00edlios de cozinha, maquilhagem ou outros artigos essenciais de casa de banho. (Marca Ferm Living)<\/p>\n<p><strong>Materiais:<\/strong> 100% alum\u00ednio fundido reciclado com p\u00e1tina preta<\/p>\n<p><strong>Dimens\u00f5es:<\/strong> 23,6cm x 15cm x 11,5cm<\/p>\n","protected":false},"featured_media":43337,"template":"","meta":[],"product_brand":[5187],"product_cat":[4579,4580],"product_tag":[6764],"class_list":{"0":"post-43286","1":"product","2":"type-product","3":"status-publish","4":"has-post-thumbnail","6":"product_brand-ferm-living-en-gb","7":"product_cat-office","8":"product_cat-office-tidiness","9":"product_tag-ferm-living-en-gb","11":"first","12":"instock","13":"taxable","14":"shipping-taxable","15":"purchasable","16":"product-type-simple"},"_links":{"self":[{"href":"https:\/\/hangar.pt\/en-GB\/wp-json\/wp\/v2\/product\/43286","targetHints":{"allow":["GET"]}}],"collection":[{"href":"https:\/\/hangar.pt\/en-GB\/wp-json\/wp\/v2\/product"}],"about":[{"href":"https:\/\/hangar.pt\/en-GB\/wp-json\/wp\/v2\/types\/product"}],"wp:featuredmedia":[{"embeddable":true,"href":"https:\/\/hangar.pt\/en-GB\/wp-json\/wp\/v2\/media\/43337"}],"wp:attachment":[{"href":"https:\/\/hangar.pt\/en-GB\/wp-json\/wp\/v2\/media?parent=43286"}],"wp:term":[{"taxonomy":"product_brand","embeddable":true,"href":"https:\/\/hangar.pt\/en-GB\/wp-json\/wp\/v2\/product_brand?post=43286"},{"taxonomy":"product_cat","embeddable":true,"href":"https:\/\/hangar.pt\/en-GB\/wp-json\/wp\/v2\/product_cat?post=43286"},{"taxonomy":"product_tag","embeddable":true,"href":"https:\/\/hangar.pt\/en-GB\/wp-json\/wp\/v2\/product_tag?post=43286"}],"curies":[{"name":"wp","href":"https:\/\/api.w.org\/{rel}","templated":true}]}}