{"id":41837,"date":"2024-11-18T17:27:42","date_gmt":"2024-11-18T17:27:42","guid":{"rendered":"https:\/\/hangar.pt\/produto\/copernica-p\/"},"modified":"2026-02-02T17:36:13","modified_gmt":"2026-02-02T17:36:13","slug":"copernica-p","status":"publish","type":"product","link":"https:\/\/hangar.pt\/en-GB\/product\/copernica-p\/","title":{"rendered":"Cop\u00e9rnica P Design floor lamp"},"content":{"rendered":"<p><strong>*IP Rating:<\/strong> 20<br \/>\n<strong>*Class:<\/strong> II<br \/>\n<strong>*Material:<\/strong> Tilting head in lacquered aluminum with built-in switch.<br \/>\n<strong>*Light Source:<\/strong> Integrated SMD LED 24Vdc 4.7W 2700K CRI90 491lm<br \/>\n<strong>*Adjustment:<\/strong> Integrated 3-level dimmer | Adjustable head<br \/>\n<strong>*Structure:<\/strong> Satin nickel or graphite structure with lacquered steel base and counterweight;<br \/>\n<strong>*Use:<\/strong> Floor lamp \u2013 Indoor use only. Ideal for living rooms, bedrooms and offices.<br \/>\n<strong>*Dimensions:<\/strong> 130 cm H. | 26 cm \u00d8 Base | 106 cm D.| 12 cm \u00d8 H. | 7.5 cm \u00d8 Counter-weight<\/p>\n","protected":false},"excerpt":{"rendered":"<p>The Cop\u00e9rnica collection consists of several lighting models for offices and living rooms with a modern, semi-industrial look. The Cop\u00e9rnica P model has a lightweight, simple design with a movable arm that provides adjustability in one smooth movement. Its crooked Copernican lamp can be used both for reading areas and other activities involving detail or detailed sensations. Its minimalist style is something that the Marset brand offers, and in several options.<em> (Marset brand)<\/em><\/p>\n","protected":false},"featured_media":41829,"template":"","meta":{"rs_blank_template":"","rs_page_bg_color":"","slide_template_v7":""},"product_brand":[5178],"product_cat":[4367,4345,4528],"product_tag":[6774,7545],"class_list":{"0":"post-41837","1":"product","2":"type-product","3":"status-publish","4":"has-post-thumbnail","6":"product_brand-marset-en-gb","7":"product_cat-lighting-floor-lamps","8":"product_cat-lighting","9":"product_cat-others","10":"product_tag-marset-en-gb","11":"product_tag--pvm2v3-lisbon","12":"pa_cor-gold-1-graphite-grey-1","13":"pa_cor-metal-red-2-graphite-grey-1","14":"pa_cor-nickel-metal-1-graphite-grey-1","16":"first","17":"instock","18":"taxable","19":"shipping-taxable","20":"purchasable","21":"product-type-variable"},"_links":{"self":[{"href":"https:\/\/hangar.pt\/en-GB\/wp-json\/wp\/v2\/product\/41837","targetHints":{"allow":["GET"]}}],"collection":[{"href":"https:\/\/hangar.pt\/en-GB\/wp-json\/wp\/v2\/product"}],"about":[{"href":"https:\/\/hangar.pt\/en-GB\/wp-json\/wp\/v2\/types\/product"}],"wp:featuredmedia":[{"embeddable":true,"href":"https:\/\/hangar.pt\/en-GB\/wp-json\/wp\/v2\/media\/41829"}],"wp:attachment":[{"href":"https:\/\/hangar.pt\/en-GB\/wp-json\/wp\/v2\/media?parent=41837"}],"wp:term":[{"taxonomy":"product_brand","embeddable":true,"href":"https:\/\/hangar.pt\/en-GB\/wp-json\/wp\/v2\/product_brand?post=41837"},{"taxonomy":"product_cat","embeddable":true,"href":"https:\/\/hangar.pt\/en-GB\/wp-json\/wp\/v2\/product_cat?post=41837"},{"taxonomy":"product_tag","embeddable":true,"href":"https:\/\/hangar.pt\/en-GB\/wp-json\/wp\/v2\/product_tag?post=41837"}],"curies":[{"name":"wp","href":"https:\/\/api.w.org\/{rel}","templated":true}]}}