{"id":28126,"date":"2022-11-11T13:22:27","date_gmt":"2022-11-11T13:22:27","guid":{"rendered":"https:\/\/hangar.pt\/?post_type=product&#038;p=28126"},"modified":"2024-02-17T16:59:25","modified_gmt":"2024-02-17T16:59:25","slug":"look-at-me-cinza","status":"publish","type":"product","link":"https:\/\/hangar.pt\/en-GB\/product\/look-at-me-cinza\/","title":{"rendered":"Look At Me &#8211; Cinza"},"content":{"rendered":"","protected":false},"excerpt":{"rendered":"<div class=\"attribute\" data-test=\"attribute-product-dimensions-cm\">\n<div>A artista portuguesa Bela Silva inspirou-se mais uma vez na natureza para a cole\u00e7\u00e3o Look At Me. Inspirada pela energia e resili\u00eancia que as plantas irradiam, criou vasos simples com desenhos geom\u00e9tricos de relevo repetido.<\/div>\n<div><\/div>\n<div class=\"label\"><strong>Material:<\/strong> Faian\u00e7a<\/div>\n<div><\/div>\n<div class=\"label\"><strong>Dimens\u00f5es: <\/strong>Exterior: \u00d842,5cm | Altura: 42CM<\/div>\n<\/div>\n<div class=\"attribute\" data-test=\"attribute-product-dimensions-in\">\n<div class=\"value\"><\/div>\n<\/div>\n","protected":false},"featured_media":28095,"template":"","meta":{"rs_blank_template":"","rs_page_bg_color":"","slide_template_v7":""},"product_brand":[4770],"product_cat":[4630],"product_tag":[],"class_list":{"0":"post-28126","1":"product","2":"type-product","3":"status-publish","4":"has-post-thumbnail","6":"product_brand-serax","7":"product_cat-jardim-cachepots","9":"first","10":"instock","11":"taxable","12":"shipping-taxable","13":"purchasable","14":"product-type-simple"},"_links":{"self":[{"href":"https:\/\/hangar.pt\/en-GB\/wp-json\/wp\/v2\/product\/28126","targetHints":{"allow":["GET"]}}],"collection":[{"href":"https:\/\/hangar.pt\/en-GB\/wp-json\/wp\/v2\/product"}],"about":[{"href":"https:\/\/hangar.pt\/en-GB\/wp-json\/wp\/v2\/types\/product"}],"wp:featuredmedia":[{"embeddable":true,"href":"https:\/\/hangar.pt\/en-GB\/wp-json\/wp\/v2\/media\/28095"}],"wp:attachment":[{"href":"https:\/\/hangar.pt\/en-GB\/wp-json\/wp\/v2\/media?parent=28126"}],"wp:term":[{"taxonomy":"product_brand","embeddable":true,"href":"https:\/\/hangar.pt\/en-GB\/wp-json\/wp\/v2\/product_brand?post=28126"},{"taxonomy":"product_cat","embeddable":true,"href":"https:\/\/hangar.pt\/en-GB\/wp-json\/wp\/v2\/product_cat?post=28126"},{"taxonomy":"product_tag","embeddable":true,"href":"https:\/\/hangar.pt\/en-GB\/wp-json\/wp\/v2\/product_tag?post=28126"}],"curies":[{"name":"wp","href":"https:\/\/api.w.org\/{rel}","templated":true}]}}