{"id":26353,"date":"2022-09-23T14:24:50","date_gmt":"2022-09-23T13:24:50","guid":{"rendered":"https:\/\/hangar.pt\/?post_type=product&#038;p=26353"},"modified":"2024-02-12T14:04:46","modified_gmt":"2024-02-12T14:04:46","slug":"bellwood-suporte-guarda-chuva","status":"publish","type":"product","link":"https:\/\/hangar.pt\/en-GB\/product\/bellwood-suporte-guarda-chuva\/","title":{"rendered":"Bellwood Suporte Guarda-chuva"},"content":{"rendered":"","protected":false},"excerpt":{"rendered":"<div id=\"tw-target-text-container\" class=\"tw-ta-container F0azHf tw-nfl\">\n<p dir=\"ltr\" data-placeholder=\"Tradu\u00e7\u00e3o\">O suporte de guarda-chuva Bellwood \u00e9 resistente \u00e0 \u00e1gua e evita ferrugem gra\u00e7as \u00e0 sua base de resina redonda. Tem um cabo curvo em folheado de madeira com um aro superior em a\u00e7o.<\/p>\n<p dir=\"ltr\" data-placeholder=\"Tradu\u00e7\u00e3o\"><strong>Tamanhos:<\/strong> \u00d822,2 cm x 68,6 cm<\/p>\n<\/div>\n<div class=\"iYB33c\">\n<div id=\"tw-tmenu\" class=\"tw-menu\"><\/div>\n<\/div>\n","protected":false},"featured_media":26364,"template":"","meta":[],"product_brand":[4789],"product_cat":[4354],"product_tag":[],"class_list":{"0":"post-26353","1":"product","2":"type-product","3":"status-publish","4":"has-post-thumbnail","6":"product_brand-umbra","7":"product_cat-mobiliario-complementos","8":"pa_cor-branco-pantone-1","9":"pa_cor-preto-classico-pantone","11":"first","12":"instock","13":"taxable","14":"shipping-taxable","15":"purchasable","16":"product-type-variable"},"_links":{"self":[{"href":"https:\/\/hangar.pt\/en-GB\/wp-json\/wp\/v2\/product\/26353","targetHints":{"allow":["GET"]}}],"collection":[{"href":"https:\/\/hangar.pt\/en-GB\/wp-json\/wp\/v2\/product"}],"about":[{"href":"https:\/\/hangar.pt\/en-GB\/wp-json\/wp\/v2\/types\/product"}],"wp:featuredmedia":[{"embeddable":true,"href":"https:\/\/hangar.pt\/en-GB\/wp-json\/wp\/v2\/media\/26364"}],"wp:attachment":[{"href":"https:\/\/hangar.pt\/en-GB\/wp-json\/wp\/v2\/media?parent=26353"}],"wp:term":[{"taxonomy":"product_brand","embeddable":true,"href":"https:\/\/hangar.pt\/en-GB\/wp-json\/wp\/v2\/product_brand?post=26353"},{"taxonomy":"product_cat","embeddable":true,"href":"https:\/\/hangar.pt\/en-GB\/wp-json\/wp\/v2\/product_cat?post=26353"},{"taxonomy":"product_tag","embeddable":true,"href":"https:\/\/hangar.pt\/en-GB\/wp-json\/wp\/v2\/product_tag?post=26353"}],"curies":[{"name":"wp","href":"https:\/\/api.w.org\/{rel}","templated":true}]}}