{"id":26225,"date":"2022-09-22T12:27:06","date_gmt":"2022-09-22T11:27:06","guid":{"rendered":"https:\/\/hangar.pt\/?post_type=product&#038;p=26225"},"modified":"2024-08-07T13:21:22","modified_gmt":"2024-08-07T12:21:22","slug":"betty-tk7-tk8","status":"publish","type":"product","link":"https:\/\/hangar.pt\/en-GB\/product\/betty-tk7-tk8\/","title":{"rendered":"Betty Banco TK7 &amp; TK8"},"content":{"rendered":"","protected":false},"excerpt":{"rendered":"<p>A estrutura robusta deste banco \u00e9 trabalhada em carvalho lacado. O assento acolchoado \u2013 cujas tiras s\u00e3o feitas de fibras naturais de linho e tecidas \u00e0 m\u00e3o \u2013 oferece uma base macia e almofadada.<\/p>\n<p>O banco Betty vem em duas alturas.<\/p>\n<p>&nbsp;<\/p>\n<p><strong>Dimens\u00f5es<\/strong><\/p>\n<p><strong>Baixo:\u00a0<\/strong>39cm Larg. | 66cm Alt.<\/p>\n<p><strong>Alto:<\/strong> 40cm Larg. | 76cm Alt.<\/p>\n<p>&nbsp;<\/p>\n","protected":false},"featured_media":26270,"template":"","meta":[],"product_brand":[4774],"product_cat":[4545],"product_tag":[],"class_list":{"0":"post-26225","1":"product","2":"type-product","3":"status-publish","4":"has-post-thumbnail","6":"product_brand-and-tradition","7":"product_cat-mobiliario-bancos-altos","8":"pa_cor-bege-classico-pantone-1","9":"pa_cor-preto-classico-pantone","10":"pa_cor-vermelho-classico-pantone-1","12":"first","13":"instock","14":"taxable","15":"shipping-taxable","16":"purchasable","17":"product-type-variable"},"_links":{"self":[{"href":"https:\/\/hangar.pt\/en-GB\/wp-json\/wp\/v2\/product\/26225","targetHints":{"allow":["GET"]}}],"collection":[{"href":"https:\/\/hangar.pt\/en-GB\/wp-json\/wp\/v2\/product"}],"about":[{"href":"https:\/\/hangar.pt\/en-GB\/wp-json\/wp\/v2\/types\/product"}],"wp:featuredmedia":[{"embeddable":true,"href":"https:\/\/hangar.pt\/en-GB\/wp-json\/wp\/v2\/media\/26270"}],"wp:attachment":[{"href":"https:\/\/hangar.pt\/en-GB\/wp-json\/wp\/v2\/media?parent=26225"}],"wp:term":[{"taxonomy":"product_brand","embeddable":true,"href":"https:\/\/hangar.pt\/en-GB\/wp-json\/wp\/v2\/product_brand?post=26225"},{"taxonomy":"product_cat","embeddable":true,"href":"https:\/\/hangar.pt\/en-GB\/wp-json\/wp\/v2\/product_cat?post=26225"},{"taxonomy":"product_tag","embeddable":true,"href":"https:\/\/hangar.pt\/en-GB\/wp-json\/wp\/v2\/product_tag?post=26225"}],"curies":[{"name":"wp","href":"https:\/\/api.w.org\/{rel}","templated":true}]}}