{"id":25235,"date":"2022-09-05T10:38:35","date_gmt":"2022-09-05T09:38:35","guid":{"rendered":"https:\/\/hangar.pt\/?post_type=product&#038;p=25235"},"modified":"2025-11-26T23:15:04","modified_gmt":"2025-11-26T23:15:04","slug":"coconut-linen-and-cotton-pillow-casamance","status":"publish","type":"product","link":"https:\/\/hangar.pt\/en-GB\/product\/coconut-linen-and-cotton-pillow-casamance\/","title":{"rendered":"Coconut Linen and Cotton Pillow"},"content":{"rendered":"","protected":false},"excerpt":{"rendered":"<p>A almofada Coconut da Casamance \u00e9 uma capa de 40\u00d760 cm com bordado geom\u00e9trico em algod\u00e3o-linho (63% algod\u00e3o, 37% linho) sobre tecido principal, verso em algod\u00e3o-linho efeito aveludado, acabamento com tran\u00e7a, fecho invis\u00edvel, proveniente da produ\u00e7\u00e3o tunisina. Um acess\u00f3rio decorativo ideal para dar textura, padr\u00e3o e charme natural aos sof\u00e1s ou cadeir\u00f5es, com cores s\u00f3brias e cuidado artesanal. (Marca Casamance)<\/p>\n<p><strong>*Material:<\/strong> Tecido bordado a ponto de corrente sobre tecido de algod\u00e3o-linho \u2014 63% algod\u00e3o (algod\u00e3o), 37% linho (linho)<br \/>\n<strong>*Cuidados:<\/strong> N\u00e3o lavar e cloro n\u00e3o permitido.Se sem secar em tambor e Ferro m\u00e1x. 150\u00baC | Limpeza profissional a seco moderada.<br \/>\n<strong>*Enchimento:<\/strong> Inclu\u00eddo ou Eliminado<br \/>\n<strong>*Utiliza\u00e7\u00e3o:<\/strong> Interior \u2013 salas, quartos, espa\u00e7os lounge<br \/>\n<strong>*Dimens\u00f5es:<\/strong> 40x60cm<\/p>\n","protected":false},"featured_media":53144,"template":"","meta":[],"product_brand":[5183],"product_cat":[4351,4377],"product_tag":[7191],"class_list":{"0":"post-25235","1":"product","2":"type-product","3":"status-publish","4":"has-post-thumbnail","6":"product_brand-casamance-en-gb","7":"product_cat-decoration","8":"product_cat-decoration-cushions","9":"product_tag-casamance-en-gb","10":"pa_cor-blue-en-GB","11":"pa_cor-brown","12":"pa_cor-classic-green-pantone-1","13":"pa_cor-white-pantone-1","15":"first","16":"instock","17":"taxable","18":"shipping-taxable","19":"purchasable","20":"product-type-variable"},"_links":{"self":[{"href":"https:\/\/hangar.pt\/en-GB\/wp-json\/wp\/v2\/product\/25235","targetHints":{"allow":["GET"]}}],"collection":[{"href":"https:\/\/hangar.pt\/en-GB\/wp-json\/wp\/v2\/product"}],"about":[{"href":"https:\/\/hangar.pt\/en-GB\/wp-json\/wp\/v2\/types\/product"}],"wp:featuredmedia":[{"embeddable":true,"href":"https:\/\/hangar.pt\/en-GB\/wp-json\/wp\/v2\/media\/53144"}],"wp:attachment":[{"href":"https:\/\/hangar.pt\/en-GB\/wp-json\/wp\/v2\/media?parent=25235"}],"wp:term":[{"taxonomy":"product_brand","embeddable":true,"href":"https:\/\/hangar.pt\/en-GB\/wp-json\/wp\/v2\/product_brand?post=25235"},{"taxonomy":"product_cat","embeddable":true,"href":"https:\/\/hangar.pt\/en-GB\/wp-json\/wp\/v2\/product_cat?post=25235"},{"taxonomy":"product_tag","embeddable":true,"href":"https:\/\/hangar.pt\/en-GB\/wp-json\/wp\/v2\/product_tag?post=25235"}],"curies":[{"name":"wp","href":"https:\/\/api.w.org\/{rel}","templated":true}]}}