{"id":10134,"date":"2016-10-15T22:59:52","date_gmt":"2016-10-15T21:59:52","guid":{"rendered":"https:\/\/hangar.pt\/?product=pasta-plate"},"modified":"2025-07-17T14:00:47","modified_gmt":"2025-07-17T13:00:47","slug":"wide-pasta-bowl-pearl-edition-costa-nova","status":"publish","type":"product","link":"https:\/\/hangar.pt\/en-GB\/product\/wide-pasta-bowl-pearl-edition-costa-nova\/","title":{"rendered":"Wide Pasta Bowl Pearl Edition"},"content":{"rendered":"","protected":false},"excerpt":{"rendered":"<p data-start=\"210\" data-end=\"935\">A cole\u00e7\u00e3o Pearl da Costa Nova \u00e9 uma celebra\u00e7\u00e3o da eleg\u00e2ncia cl\u00e1ssica, com inspira\u00e7\u00e3o nos delicados contornos das p\u00e9rolas e no requinte da arte de bem receber. Com um rebordo em relevo subtil e acabamento vidrado, esta linha reflete a sofistica\u00e7\u00e3o intemporal da cer\u00e2mica portuguesa, reinterpretada com um olhar contempor\u00e2neo. As suas formas harmoniosas e vers\u00e1teis fazem de cada pe\u00e7a uma escolha ideal tanto para ocasi\u00f5es especiais como para o quotidiano. Fabricada em gr\u00e9s fino de alta qualidade, a cole\u00e7\u00e3o Pearl alia resist\u00eancia e durabilidade a um acabamento artesanal que transmite autenticidade e aten\u00e7\u00e3o ao detalhe. Uma cole\u00e7\u00e3o pensada para quem aprecia a beleza nas coisas simples e duradouras.<br data-start=\"914\" data-end=\"917\" \/>(Marca Costa Nova)<\/p>\n<p data-start=\"937\" data-end=\"985\"><strong data-start=\"937\" data-end=\"951\">*Materiais:<\/strong>\u00a0Gr\u00e9s Fino. Fabricado em Portugal.<br \/>\n<strong data-start=\"987\" data-end=\"1014\">*Cuidados de Utiliza\u00e7\u00e3o:<\/strong>\u00a0Pr\u00f3prio para m\u00e1quina de lavar loi\u00e7a, forno, micro-ondas e congelador. Por precau\u00e7\u00e3o, aconselhamos a lavagem manual das pe\u00e7as maiores e mais delicadas.<\/p>\n","protected":false},"featured_media":49553,"template":"","meta":[],"product_brand":[5166],"product_cat":[4461],"product_tag":[7002],"class_list":{"0":"post-10134","1":"product","2":"type-product","3":"status-publish","4":"has-post-thumbnail","6":"product_brand-costa-nova-en-gb","7":"product_cat-table-tableware-costa-nova-pearl","8":"product_tag-costa-nova-en-gb","10":"first","11":"instock","12":"taxable","13":"shipping-taxable","14":"purchasable","15":"product-type-simple"},"_links":{"self":[{"href":"https:\/\/hangar.pt\/en-GB\/wp-json\/wp\/v2\/product\/10134","targetHints":{"allow":["GET"]}}],"collection":[{"href":"https:\/\/hangar.pt\/en-GB\/wp-json\/wp\/v2\/product"}],"about":[{"href":"https:\/\/hangar.pt\/en-GB\/wp-json\/wp\/v2\/types\/product"}],"wp:featuredmedia":[{"embeddable":true,"href":"https:\/\/hangar.pt\/en-GB\/wp-json\/wp\/v2\/media\/49553"}],"wp:attachment":[{"href":"https:\/\/hangar.pt\/en-GB\/wp-json\/wp\/v2\/media?parent=10134"}],"wp:term":[{"taxonomy":"product_brand","embeddable":true,"href":"https:\/\/hangar.pt\/en-GB\/wp-json\/wp\/v2\/product_brand?post=10134"},{"taxonomy":"product_cat","embeddable":true,"href":"https:\/\/hangar.pt\/en-GB\/wp-json\/wp\/v2\/product_cat?post=10134"},{"taxonomy":"product_tag","embeddable":true,"href":"https:\/\/hangar.pt\/en-GB\/wp-json\/wp\/v2\/product_tag?post=10134"}],"curies":[{"name":"wp","href":"https:\/\/api.w.org\/{rel}","templated":true}]}}